{"id":24,"date":"2025-07-07T14:27:31","date_gmt":"2025-07-07T11:27:31","guid":{"rendered":"https:\/\/alaoun.org\/es\/?page_id=24"},"modified":"2025-07-07T14:28:08","modified_gmt":"2025-07-07T11:28:08","slug":"volunteer-page","status":"publish","type":"page","link":"https:\/\/alaoun.org\/es\/volunteer-page\/","title":{"rendered":"Voluntariado"},"content":{"rendered":"\n<link rel=\"alternate\" hreflang=\"en\" href=\"https:\/\/alaoun.org\/en\/volunteer-page\/\" \/>\n<link rel=\"alternate\" hreflang=\"ar\" href=\"https:\/\/alaoun.org\/volunteer-page\/\" \/>\n<link rel=\"alternate\" hreflang=\"fr\" href=\"https:\/\/alaoun.org\/fr\/volunteer-page\/\" \/>\n<link rel=\"alternate\" hreflang=\"es\" href=\"https:\/\/alaoun.org\/es\/volunteer-page\/\" \/>\n\n\n\n<!DOCTYPE html>\n<html lang=\"es\" dir=\"ltr\">\n<head>\n    <meta charset=\"UTF-8\">\n    <meta name=\"viewport\" content=\"width=device-width, initial-scale=1.0\">\n    <title>Voluntariado con nosotros<\/title>\n    <style>\n        @import url('https:\/\/fonts.googleapis.com\/css2?family=Tajawal:wght@300;400;500;700&display=swap');\n\n        .volunteer-page-alaoun * {\n            margin-top: 0;\n            padding: 0;\n            box-sizing: border-box;\n            font-family: 'Tajawal', sans-serif;\n        }\n\n        .volunteer-page-alaoun {\n            background-color: #f9f9f9;\n            padding: 20px 0;\n        }\n\n        .volunteer-page-alaoun .main-title {\n            text-align: center;\n            margin: 40px 20px 40px 0;\n            color: #2f537d !important;\n            font-size: 36px;\n            font-weight: 600;\n            padding: 20px;\n        }\n\n        .volunteer-page-alaoun .content-container {\n            display: flex;\n            max-width: 1300px !important;\n            margin: 0 auto;\n            gap: 40px;\n            padding: 0 20px;\n        }\n\n        .volunteer-page-alaoun .form-column {\n            flex: 0 0 30%;\n            position: relative;\n        }\n\n        .volunteer-page-alaoun .form-container {\n            background-color: white;\n            padding: 4px;\n            border-radius: 10px;\n            box-shadow: 0 5px 15px rgba(0, 0, 0, 0.1);\n            width: 100%;\n            position: sticky;\n            top: 20px;\n            transition: all 0.3s ease;\n        }\n\n        .volunteer-page-alaoun .form-container:hover {\n            transform: translateY(-5px);\n            box-shadow: 0 10px 25px rgba(0, 0, 0, 0.15);\n        }\n\n        .volunteer-page-alaoun .google-form iframe {\n            width: 100%;\n            height: 700px;\n            border: none;\n            border-radius: 10px;\n        }\n\n        .volunteer-page-alaoun .text-container {\n            flex: 0 0 70%;\n            text-align: left;\n        }\n\n        .volunteer-page-alaoun .subtitle {\n            color: #209269 !important;\n            font-size: 22px;\n            margin-bottom: 15px;\n            margin-top: 30px;\n            font-weight: 600;\n        }\n\n        .volunteer-page-alaoun .subtitle:first-child {\n            margin-top: 0;\n        }\n\n        .volunteer-page-alaoun .description {\n            color: #555;\n            line-height: 1.8;\n            margin-bottom: 20px;\n            font-size: 18px;\n        }\n\n        .volunteer-page-alaoun .testimonial {\n            background-color: #f8f9fa;\n            border-left: 4px solid #209269; \/* Adjusted for LTR text direction *\/\n            border-right: none; \/* Adjusted for LTR text direction *\/\n            padding: 20px;\n            margin: 30px 0;\n            border-radius: 8px 0 0 8px; \/* Adjusted for LTR text direction *\/\n            text-align: left; \/* Adjusted for LTR text direction *\/\n        }\n\n        .volunteer-page-alaoun .testimonial-author {\n            font-style: italic;\n            color: #666;\n            margin-top: 10px;\n        }\n\n        .volunteer-page-alaoun ul,\n        .volunteer-page-alaoun ol {\n            text-align: left; \/* Adjusted for LTR text direction *\/\n            margin-left: 20px; \/* Adjusted for LTR text direction *\/\n            margin-right: 0; \/* Adjusted for LTR text direction *\/\n            margin-bottom: 20px;\n            list-style-type: disc; \/* Added disc for bullet points *\/\n            padding-left: 0;\n        }\n\n        .volunteer-page-alaoun ul li,\n        .volunteer-page-alaoun ol li {\n            margin-bottom: 10px;\n            padding-left: 0;\n        }\n\n        @media (max-width: 768px) {\n            .volunteer-page-alaoun .content-container {\n                flex-direction: column;\n            }\n\n            .volunteer-page-alaoun .form-column {\n                order: 2;\n                flex: 0 0 100%;\n            }\n\n            .volunteer-page-alaoun .text-container {\n                flex: 0 0 100%;\n            }\n\n            .volunteer-page-alaoun .form-container {\n                position: static;\n            }\n\n            .volunteer-page-alaoun .main-title {\n                font-size: 28px;\n                margin: 30px 20px 30px 0;\n            }\n\n            .volunteer-page-alaoun .google-form iframe {\n                height: 500px;\n            }\n        }\n    <\/style>\n<\/head>\n<body>\n    <div class=\"volunteer-page-alaoun\">\n        <h1 class=\"main-title\">\u00danete a nuestro equipo de voluntarios<\/h1>\n        \n        <div class=\"content-container\">\n            <div class=\"text-container\">\n                <h2 class=\"subtitle\">\u00bfQu\u00e9 es el voluntariado?<\/h2>\n                <p class=\"description\">El voluntariado es uno de los verdaderos pilares sobre los que se asienta el trabajo de la Asociaci\u00f3n Al-Aoun Wal-Ighatha, ya que creemos que el trabajo caritativo colectivo es la forma \u00f3ptima de fortalecer los valores de solidaridad y ayuda mutua social. Desde su creaci\u00f3n, la Asociaci\u00f3n se ha esforzado por proporcionar un entorno adecuado para atraer voluntarios y permitirles contribuir con su tiempo y esfuerzo al servicio de los grupos vulnerables, ya sea a trav\u00e9s del apoyo directo o mediante la transferencia de experiencias y conocimientos.<\/p>\n                \n                <h2 class=\"subtitle\">Oportunidades de voluntariado y c\u00f3mo unirse<\/h2>\n                <p class=\"description\">La Asociaci\u00f3n abre sus puertas a toda persona que desee hacer voluntariado, ya sea especialista en un campo particular o tenga un deseo sincero de ofrecer ayuda. Ofrece a quienes deseen unirse a su equipo la oportunidad de completar un formulario de voluntariado, a trav\u00e9s del cual se registran sus datos y se identifican sus \u00e1reas de inter\u00e9s y experiencia. Bas\u00e1ndose en esto, se les contacta cuando surgen oportunidades adecuadas para contribuir a las actividades de la Asociaci\u00f3n, ya sea en el campo o en \u00e1reas de apoyo administrativo, t\u00e9cnico y de concienciaci\u00f3n.<\/p>\n                \n                <h2 class=\"subtitle\">\u00bfPor qu\u00e9 ser voluntario en la Asociaci\u00f3n Al-Aoun Wal-Ighatha?<\/h2>\n                <p class=\"description\">Contribuir a apoyar a hu\u00e9rfanos y familias necesitadas y a mejorar sus condiciones de vida, adquirir nuevas habilidades y desarrollar capacidades en los campos del trabajo humanitario y social, adem\u00e1s de la oportunidad de construir relaciones profesionales y sociales con voluntarios y expertos, y participar en proyectos sostenibles que dejan un impacto real en la comunidad.<\/p>\n                <h2 class=\"subtitle\">S\u00e9 parte del viaje de dar<\/h2>\n                <p class=\"description\">Si deseas formar parte del equipo de voluntarios, puedes rellenar el formulario de voluntariado a trav\u00e9s del sitio web de la Asociaci\u00f3n o visitar una de sus oficinas. Se te contactar\u00e1 cuando surja una oportunidad adecuada para beneficiarse de tus esfuerzos y experiencia en el cumplimiento de la misi\u00f3n de la Asociaci\u00f3n de apoyar y empoderar a las categor\u00edas m\u00e1s necesitadas.<\/p>\n                \n                <ul class=\"description\">\n                    <li>Concienciaci\u00f3n comunitaria y educaci\u00f3n<\/li>\n                    <li>Planificaci\u00f3n y coordinaci\u00f3n de eventos<\/li>\n                    <li>Soporte administrativo<\/li>\n                    <li>Marketing y redes sociales<\/li>\n                    <li>Facilitaci\u00f3n de programas<\/li>\n                    <li>Iniciativas de recaudaci\u00f3n de fondos<\/li>\n                <\/ul>\n\n                <div class=\"testimonial\">\n                    <p class=\"description\">&#8220;Hacer voluntariado con esta organizaci\u00f3n ha sido una de las experiencias m\u00e1s gratificantes de mi vida. He conocido a personas maravillosas y he aprendido mucho mientras marcaba una diferencia real en mi comunidad.&#8221;<\/p>\n                    <p class=\"testimonial-author\">\u2014 Sarah J., Voluntaria desde 2022<\/p>\n                <\/div>\n                \n            <\/div>\n            \n            <div class=\"form-column\">\n                <div class=\"form-container\">\n                    <div class=\"google-form\">\n                        <iframe src=\"https:\/\/docs.google.com\/forms\/d\/e\/1FAIpQLSdwEGjWQXnx18sFqxRtkpyuMrbIPFZa1Vum9aR1WyuMDt96OA\/viewform?embedded=true\" frameborder=\"0\" marginheight=\"0\" marginwidth=\"0\">Cargando\u2026<\/iframe>\n                    <\/div>\n                <\/div>\n            <\/div>\n        <\/div>\n\n        <script>\n            document.addEventListener(\"DOMContentLoaded\", function() {\n                function adjustIframeHeight() {\n                    const iframe = document.querySelector(\".volunteer-page-alaoun .google-form iframe\");\n                    if (iframe) {\n                        const width = iframe.offsetWidth;\n                        iframe.style.height = width * 1.5 + \"px\";\n                    }\n                }\n                \n                adjustIframeHeight();\n                window.addEventListener(\"resize\", adjustIframeHeight);\n            });\n        <\/script>\n    <\/div>\n<\/body>\n<\/html>\n","protected":false},"excerpt":{"rendered":"<p>Voluntariado con nosotros \u00danete a nuestro equipo de voluntarios \u00bfQu\u00e9 es el voluntariado? El voluntariado es uno de los verdaderos [&hellip;]<\/p>\n","protected":false},"author":2,"featured_media":0,"parent":0,"menu_order":0,"comment_status":"closed","ping_status":"closed","template":"","meta":{"content-type":"","site-sidebar-layout":"default","site-content-layout":"","ast-site-content-layout":"default","site-content-style":"default","site-sidebar-style":"default","ast-global-header-display":"","ast-banner-title-visibility":"","ast-main-header-display":"","ast-hfb-above-header-display":"","ast-hfb-below-header-display":"","ast-hfb-mobile-header-display":"","site-post-title":"disabled","ast-breadcrumbs-content":"","ast-featured-img":"","footer-sml-layout":"","ast-disable-related-posts":"","theme-transparent-header-meta":"","adv-header-id-meta":"","stick-header-meta":"","header-above-stick-meta":"","header-main-stick-meta":"","header-below-stick-meta":"","astra-migrate-meta-layouts":"default","ast-page-background-enabled":"default","ast-page-background-meta":{"desktop":{"background-color":"var(--ast-global-color-5)","background-image":"","background-repeat":"repeat","background-position":"center center","background-size":"auto","background-attachment":"scroll","background-type":"","background-media":"","overlay-type":"","overlay-color":"","overlay-opacity":"","overlay-gradient":""},"tablet":{"background-color":"","background-image":"","background-repeat":"repeat","background-position":"center center","background-size":"auto","background-attachment":"scroll","background-type":"","background-media":"","overlay-type":"","overlay-color":"","overlay-opacity":"","overlay-gradient":""},"mobile":{"background-color":"","background-image":"","background-repeat":"repeat","background-position":"center center","background-size":"auto","background-attachment":"scroll","background-type":"","background-media":"","overlay-type":"","overlay-color":"","overlay-opacity":"","overlay-gradient":""}},"ast-content-background-meta":{"desktop":{"background-color":"var(--ast-global-color-4)","background-image":"","background-repeat":"repeat","background-position":"center center","background-size":"auto","background-attachment":"scroll","background-type":"","background-media":"","overlay-type":"","overlay-color":"","overlay-opacity":"","overlay-gradient":""},"tablet":{"background-color":"var(--ast-global-color-4)","background-image":"","background-repeat":"repeat","background-position":"center center","background-size":"auto","background-attachment":"scroll","background-type":"","background-media":"","overlay-type":"","overlay-color":"","overlay-opacity":"","overlay-gradient":""},"mobile":{"background-color":"var(--ast-global-color-4)","background-image":"","background-repeat":"repeat","background-position":"center center","background-size":"auto","background-attachment":"scroll","background-type":"","background-media":"","overlay-type":"","overlay-color":"","overlay-opacity":"","overlay-gradient":""}},"footnotes":""},"class_list":["post-24","page","type-page","status-publish","hentry"],"yoast_head":"<!-- This site is optimized with the Yoast SEO Premium plugin v27.4 (Yoast SEO v27.4) - https:\/\/yoast.com\/product\/yoast-seo-premium-wordpress\/ -->\n<title>Voluntariado - Asociaci\u00f3n de ayuda y socorro<\/title>\n<meta name=\"robots\" content=\"index, follow, max-snippet:-1, max-image-preview:large, max-video-preview:-1\" \/>\n<link rel=\"canonical\" href=\"https:\/\/alaoun.org\/es\/volunteer-page\/\" \/>\n<meta property=\"og:locale\" content=\"en_US\" \/>\n<meta property=\"og:type\" content=\"article\" \/>\n<meta property=\"og:title\" content=\"Voluntariado\" \/>\n<meta property=\"og:description\" content=\"Voluntariado con nosotros \u00danete a nuestro equipo de voluntarios \u00bfQu\u00e9 es el voluntariado? El voluntariado es uno de los verdaderos [&hellip;]\" \/>\n<meta property=\"og:url\" content=\"https:\/\/alaoun.org\/es\/volunteer-page\/\" \/>\n<meta property=\"og:site_name\" content=\"Asociaci\u00f3n de ayuda y socorro\" \/>\n<meta property=\"article:modified_time\" content=\"2025-07-07T11:28:08+00:00\" \/>\n<meta name=\"twitter:card\" content=\"summary_large_image\" \/>\n<meta name=\"twitter:label1\" content=\"Est. reading time\" \/>\n\t<meta name=\"twitter:data1\" content=\"2 minutes\" \/>\n<script type=\"application\/ld+json\" class=\"yoast-schema-graph\">{\"@context\":\"https:\\\/\\\/schema.org\",\"@graph\":[{\"@type\":\"WebPage\",\"@id\":\"https:\\\/\\\/alaoun.org\\\/es\\\/volunteer-page\\\/\",\"url\":\"https:\\\/\\\/alaoun.org\\\/es\\\/volunteer-page\\\/\",\"name\":\"Voluntariado - Asociaci\u00f3n de ayuda y socorro\",\"isPartOf\":{\"@id\":\"https:\\\/\\\/alaoun.org\\\/es\\\/#website\"},\"datePublished\":\"2025-07-07T11:27:31+00:00\",\"dateModified\":\"2025-07-07T11:28:08+00:00\",\"breadcrumb\":{\"@id\":\"https:\\\/\\\/alaoun.org\\\/es\\\/volunteer-page\\\/#breadcrumb\"},\"inLanguage\":\"en-US\",\"potentialAction\":[{\"@type\":\"ReadAction\",\"target\":[\"https:\\\/\\\/alaoun.org\\\/es\\\/volunteer-page\\\/\"]}]},{\"@type\":\"BreadcrumbList\",\"@id\":\"https:\\\/\\\/alaoun.org\\\/es\\\/volunteer-page\\\/#breadcrumb\",\"itemListElement\":[{\"@type\":\"ListItem\",\"position\":1,\"name\":\"\u0627\u0644\u0631\u0626\u064a\u0633\u064a\u0629\",\"item\":\"https:\\\/\\\/alaoun.org\\\/es\\\/\"},{\"@type\":\"ListItem\",\"position\":2,\"name\":\"Voluntariado\"}]},{\"@type\":\"WebSite\",\"@id\":\"https:\\\/\\\/alaoun.org\\\/es\\\/#website\",\"url\":\"https:\\\/\\\/alaoun.org\\\/es\\\/\",\"name\":\"Asociaci\u00f3n de ayuda y socorro\",\"description\":\"\",\"potentialAction\":[{\"@type\":\"SearchAction\",\"target\":{\"@type\":\"EntryPoint\",\"urlTemplate\":\"https:\\\/\\\/alaoun.org\\\/es\\\/?s={search_term_string}\"},\"query-input\":{\"@type\":\"PropertyValueSpecification\",\"valueRequired\":true,\"valueName\":\"search_term_string\"}}],\"inLanguage\":\"en-US\"}]}<\/script>\n<!-- \/ Yoast SEO Premium plugin. -->","yoast_head_json":{"title":"Voluntariado - Asociaci\u00f3n de ayuda y socorro","robots":{"index":"index","follow":"follow","max-snippet":"max-snippet:-1","max-image-preview":"max-image-preview:large","max-video-preview":"max-video-preview:-1"},"canonical":"https:\/\/alaoun.org\/es\/volunteer-page\/","og_locale":"en_US","og_type":"article","og_title":"Voluntariado","og_description":"Voluntariado con nosotros \u00danete a nuestro equipo de voluntarios \u00bfQu\u00e9 es el voluntariado? El voluntariado es uno de los verdaderos [&hellip;]","og_url":"https:\/\/alaoun.org\/es\/volunteer-page\/","og_site_name":"Asociaci\u00f3n de ayuda y socorro","article_modified_time":"2025-07-07T11:28:08+00:00","twitter_card":"summary_large_image","twitter_misc":{"Est. reading time":"2 minutes"},"schema":{"@context":"https:\/\/schema.org","@graph":[{"@type":"WebPage","@id":"https:\/\/alaoun.org\/es\/volunteer-page\/","url":"https:\/\/alaoun.org\/es\/volunteer-page\/","name":"Voluntariado - Asociaci\u00f3n de ayuda y socorro","isPartOf":{"@id":"https:\/\/alaoun.org\/es\/#website"},"datePublished":"2025-07-07T11:27:31+00:00","dateModified":"2025-07-07T11:28:08+00:00","breadcrumb":{"@id":"https:\/\/alaoun.org\/es\/volunteer-page\/#breadcrumb"},"inLanguage":"en-US","potentialAction":[{"@type":"ReadAction","target":["https:\/\/alaoun.org\/es\/volunteer-page\/"]}]},{"@type":"BreadcrumbList","@id":"https:\/\/alaoun.org\/es\/volunteer-page\/#breadcrumb","itemListElement":[{"@type":"ListItem","position":1,"name":"\u0627\u0644\u0631\u0626\u064a\u0633\u064a\u0629","item":"https:\/\/alaoun.org\/es\/"},{"@type":"ListItem","position":2,"name":"Voluntariado"}]},{"@type":"WebSite","@id":"https:\/\/alaoun.org\/es\/#website","url":"https:\/\/alaoun.org\/es\/","name":"Asociaci\u00f3n de ayuda y socorro","description":"","potentialAction":[{"@type":"SearchAction","target":{"@type":"EntryPoint","urlTemplate":"https:\/\/alaoun.org\/es\/?s={search_term_string}"},"query-input":{"@type":"PropertyValueSpecification","valueRequired":true,"valueName":"search_term_string"}}],"inLanguage":"en-US"}]}},"_links":{"self":[{"href":"https:\/\/alaoun.org\/es\/wp-json\/wp\/v2\/pages\/24","targetHints":{"allow":["GET"]}}],"collection":[{"href":"https:\/\/alaoun.org\/es\/wp-json\/wp\/v2\/pages"}],"about":[{"href":"https:\/\/alaoun.org\/es\/wp-json\/wp\/v2\/types\/page"}],"author":[{"embeddable":true,"href":"https:\/\/alaoun.org\/es\/wp-json\/wp\/v2\/users\/2"}],"replies":[{"embeddable":true,"href":"https:\/\/alaoun.org\/es\/wp-json\/wp\/v2\/comments?post=24"}],"version-history":[{"count":0,"href":"https:\/\/alaoun.org\/es\/wp-json\/wp\/v2\/pages\/24\/revisions"}],"wp:attachment":[{"href":"https:\/\/alaoun.org\/es\/wp-json\/wp\/v2\/media?parent=24"}],"curies":[{"name":"wp","href":"https:\/\/api.w.org\/{rel}","templated":true}]}}