{"id":18,"date":"2025-07-05T05:47:47","date_gmt":"2025-07-05T02:47:47","guid":{"rendered":"https:\/\/alaoun.org\/fr\/?page_id=18"},"modified":"2025-07-07T00:14:08","modified_gmt":"2025-07-06T21:14:08","slug":"about-us","status":"publish","type":"page","link":"https:\/\/alaoun.org\/fr\/about-us\/","title":{"rendered":"A propos"},"content":{"rendered":"\n<link rel=\"alternate\" hreflang=\"en\" href=\"https:\/\/alaoun.org\/en\/about-us\/\" \/>\n<link rel=\"alternate\" hreflang=\"ar\" href=\"https:\/\/alaoun.org\/about-us\/\" \/>\n<link rel=\"alternate\" hreflang=\"fr\" href=\"https:\/\/alaoun.org\/fr\/about-us\/\" \/>\n<link rel=\"alternate\" hreflang=\"es\" href=\"https:\/\/alaoun.org\/es\/about-us\/\" \/>\n\n\n\n<!DOCTYPE html>\n<html lang=\"fr\">\n<head>\n    <meta charset=\"UTF-8\">\n    <meta name=\"viewport\" content=\"width=device-width, initial-scale=1.0\">\n    <title>\u00c0 propos de nous &#8211; Association Al-Aoun Wal-Ighatha<\/title>\n    <style>\n        @import url('https:\/\/fonts.googleapis.com\/css2?family=Tajawal:wght@300;400;500;700&display=swap');\n\n        * {\n            margin: 0;\n            padding: 0;\n            box-sizing: border-box;\n            font-family: 'Tajawal', sans-serif;\n        }\n\n        body {\n            background-color: #f9f9f9;\n        }\n\n        .about-section {\n            padding: 80px 0;\n            background-color: #f9f9f9;\n        }\n\n        .about-container {\n            max-width: 1000px;\n            margin: 0 auto;\n            padding: 0 20px;\n            vertical-align: center;\n        }\n\n        .about-title {\n            text-align: center;\n            margin: 30px;\n            padding: 10px;\n            color: #2f537d !important;\n            font-size: 40px;\n            font-weight: 800;\n        }\n\n        .about-intro {\n            text-align: justify; \/* Changed to right for Arabic text flow, adjust if layout changes for French *\/\n            max-width: 800px;\n            margin: 0 auto 30px;\n            color: #555;\n            line-height: 1.6;\n            font-size: 20px;\n        }\n\n        .about-content {\n            display: flex;\n            flex-wrap: wrap;\n            gap: 30px;\n            margin-bottom: 40px;\n        }\n\n        .about-text {\n            flex: 1;\n            min-width: 300px;\n            background: white;\n            padding: 30px;\n            border-radius: 15px;\n            box-shadow: 0 5px 15px rgba(0, 0, 0, 0.05);\n            text-align: left;\n        }\n\n\t\t.white-heading {\n            color: #fff;\n        }\n\t\t\n        .about-text h3 {\n            color: #209269;\n            margin-bottom: 15px;\n            font-size: 22px;\n        }\n\n        .about-text p {\n            margin-bottom: 20px;\n            color: #555;\n            line-height: 1.6;\n        }\n\n        .about-image {\n            flex: 1;\n            min-width: 300px;\n\t\t\tmax-height: 400px;\n            background: white;\n            padding: 10px;\n            border-radius: 15px;\n            box-shadow: 0 5px 15px rgba(0, 0, 0, 0.05);\n            overflow: hidden;\n        }\n\n        .about-image img {\n            width: 100%;\n            height: 100%;\n            object-fit: cover;\n            border-radius: 10px;\n        }\n\n        .cta-box {\n            background-color: #2f537d;\n            color: white;\n            padding: 40px;\n            border-radius: 15px;\n            text-align: center;\n            margin: 30px 0 50px;\n            box-shadow: 0 5px 15px rgba(0, 0, 0, 0.1);\n        }\n\n        .cta-box h3 {\n            font-size: 24px;\n            margin-bottom: 20px;\n        }\n\n        .cta-box p {\n            margin-bottom: 20px;\n            font-size: 16px;\n        }\n\n        .cta-botona,\n\t\t.cta-button {\n            background-color: #209269;\n            color: white;\n            border: none;\n            padding: 14px 30px;\n            font-size: 19px;\n            font-weight: 600;\n            border-radius: 8px;\n            cursor: pointer;\n            transition: all 0.3s;\n            display: inline-block;\n            text-decoration: none;\n        }\n\n        .cta-botona:hover,\n\t\t.cta-button:hover {\n            background-color: #efae28;\n\t\t\tcolor: white;\n            transform: translateY(-3px);\n            box-shadow: 0 5px 15px rgba(32, 146, 105, 0.2);\n        }\n\n        .values-section {\n            padding: 40px 0;\n        }\n\n        .values-container {\n            display: flex;\n            flex-wrap: wrap;\n            gap: 30px;\n            justify-content: center;\n        }\n\n        .value-card {\n            display: flex;\n            align-items: flex-start;\n            background: white;\n            padding: 25px;\n            border-radius: 15px;\n            box-shadow: 0 5px 15px rgba(0, 0, 0, 0.05);\n            min-width: 300px;\n            max-width: 350px;\n            flex: 1;\n            transition: all 0.3s ease;\n        }\n\n        .value-card:hover {\n            transform: translateY(-5px);\n            box-shadow: 0 8px 25px rgba(0, 0, 0, 0.1);\n        }\n\n        .value-icon {\n            width: 50px;\n            height: 50px;\n            background: rgba(32, 146, 105, 0.1);\n            border-radius: 50%;\n            display: flex;\n            align-items: center;\n            justify-content: center;\n            margin-right: 20px;\n            color: #209269;\n            font-size: 22px;\n            flex-shrink: 0;\n        }\n\n        .value-text {\n            color: #555;\n            flex-grow: 1;\n        }\n\n        .value-text strong {\n            display: block;\n            color: #2f537d;\n            font-size: 18px;\n            margin-bottom: 8px;\n        }\n\n        .value-text p {\n            margin: 0;\n            line-height: 1.6;\n        }\n\n        .testimonials-section {\n            padding: 80px 0;\n        }\n\n        .testimonials-container {\n            display: flex;\n            flex-wrap: wrap;\n            gap: 30px;\n            justify-content: center;\n        }\n\n        .testimonial-card {\n            background: white;\n            padding: 25px;\n            border-radius: 15px;\n            box-shadow: 0 5px 15px rgba(0, 0, 0, 0.05);\n            min-width: 300px;\n            max-width: 350px;\n            flex: 1;\n            transition: all 0.3s ease;\n            position: relative;\n            text-align: center;\n        }\n\n        .testimonial-card:hover {\n            transform: translateY(-5px);\n            box-shadow: 0 8px 25px rgba(0, 0, 0, 0.1);\n        }\n\n        .testimonial-card:before {\n            content: '\"';\n            position: absolute;\n            top: 20px;\n            left: 20px;\n            font-size: 60px;\n            color: rgba(32, 146, 105, 0.1);\n            font-family: serif;\n            line-height: 1;\n        }\n\n        .testimonial-text {\n            color: #555;\n            margin-bottom: 15px;\n            font-style: italic;\n            padding-left: 20px;\n\t\t\tfont-size: 18px;\n        }\n\n        .testimonial-author {\n            color: #2f537d;\n            font-weight: 600;\n        }\n\n        .testimonial-title {\n            color: #209269;\n            font-size: 14px;\n        }\n\n        @media (max-width: 768px) {\n            .about-content {\n                flex-direction: column;\n            }\n\n            .values-container {\n                flex-direction: column;\n                align-items: center;\n            }\n\n            .value-card {\n                width: 100%;\n                max-width: 500px;\n            }\n\n            .testimonials-container {\n                flex-direction: column;\n                align-items: center;\n            }\n\n            .testimonial-card {\n                width: 100%;\n                max-width: 500px;\n            }\n\n            .about-title {\n                font-size: 30px;\n            }\n        }\n\n        @media (max-width: 480px) {\n            .about-title {\n                font-size: 26px;\n            }\n\n            .about-text {\n                padding: 20px;\n            }\n\n            .value-card {\n                padding: 20px;\n            }\n\n            .value-icon {\n                width: 40px;\n                height: 40px;\n                font-size: 18px;\n                margin-right: 15px;\n            }\n\n            .value-text strong {\n                font-size: 16px;\n            }\n\n            .cta-box {\n                padding: 30px 20px;\n            }\n        }\n    <\/style>\n<\/head>\n<body>\n    <section class=\"about-section\">\n        <div class=\"about-container\">\n            <h2 class=\"about-title\">Qui sommes-nous<\/h2>\n            \n            <p class=\"about-intro\">\n                L&rsquo;Association Aide et Secours est une association caritative sociale et de d\u00e9veloppement marocaine d&rsquo;utilit\u00e9 publique, conform\u00e9ment au d\u00e9cret n\u00b0 2.11.617. Elle a obtenu le certificat de gestion de la qualit\u00e9 ISO 9001 version 2015 en 2017. Elle est sp\u00e9cialis\u00e9e dans la conception, l&rsquo;ing\u00e9nierie et la mise en \u0153uvre de services de soins int\u00e9gr\u00e9s fournis aux familles d&rsquo;orphelins et de veuves.\n            <\/p>\n            \n            <div class=\"about-content\">\n                <div class=\"about-text\">\n                    <h3>Notre Mission<\/h3>\n                    <p>Contribuer \u00e0 la coh\u00e9sion et \u00e0 la stabilit\u00e9 des familles d&rsquo;orphelins par une prise en charge compl\u00e8te bas\u00e9e sur l&rsquo;activation de l&rsquo;environnement familial et communautaire de l&rsquo;orphelin, et sur la fourniture de services d&rsquo;\u00e9ducation, de formation, de qualification, de sensibilisation et d&rsquo;aide sociale avec int\u00e9grit\u00e9, transparence et excellence.<\/p>\n                    \n                    <h3>Notre Vision<\/h3>\n                    <p>R\u00e9aliser la dignit\u00e9 des familles d&rsquo;orphelins dans une soci\u00e9t\u00e9 solidaire.<\/p>\n\t\t\t\t\t<button class=\"cta-button\">Parrainez un orphelin maintenant<\/button>\n                <\/div>\n                <div class=\"about-image\">\n                    <img decoding=\"async\" src=\"https:\/\/i.imgur.com\/XyqGkhf.png\" alt=\"Association Al-Aoun Wal-Ighatha\">\n                <\/div>\n            <\/div>\n\n        <\/div>\n    <\/section>\n\n    <section class=\"values-section\">\n        <div class=\"about-container\">\n            <h2 class=\"about-title\">Nos Valeurs<\/h2>\n            \n            <div class=\"values-container\">\n                <div class=\"value-card\">\n                    <div class=\"value-icon\">\u2728<\/div>\n                    <div class=\"value-text\">\n                        <strong>Excellence<\/strong>\n                        <p>Faire preuve de bienfaisance et de cr\u00e9ativit\u00e9 dans le travail avec qualit\u00e9 et efficacit\u00e9, en respectant les engagements et les promesses avec discipline et rationalisation.<\/p>\n                    <\/div>\n                <\/div>\n                \n                <div class=\"value-card\">\n                    <div class=\"value-icon\">\ud83e\udd1d<\/div>\n                    <div class=\"value-text\">\n                        <strong>Solidarit\u00e9<\/strong>\n                        <p>Coop\u00e9ration, partage, soutien mutuel, g\u00e9n\u00e9rosit\u00e9, coh\u00e9sion familiale et sociale, et responsabilit\u00e9 sociale.<\/p>\n                    <\/div>\n                <\/div>\n                \n                <div class=\"value-card\">\n                    <div class=\"value-icon\">\ud83d\udc51<\/div>\n                    <div class=\"value-text\">\n                        <strong>Dignit\u00e9<\/strong>\n                        <p>Honn\u00eatet\u00e9, appr\u00e9ciation, compassion et douceur dans le traitement humain. Inclusion, participation, transparence et droit \u00e0 l&rsquo;expression et \u00e0 la critique pour chaque partie prenante.<\/p>\n                    <\/div>\n                <\/div>\n                \n                <div class=\"value-card\">\n                    <div class=\"value-icon\">\ud83d\ude4f<\/div>\n                    <div class=\"value-text\">\n\t\t\t\t\t\t<strong>Honn\u00eatet\u00e9<\/strong>\n                        <p>Assumer les responsabilit\u00e9s avec patience, sinc\u00e9rit\u00e9 et engagement, ainsi qu&rsquo;appartenir et \u00eatre fid\u00e8le \u00e0 la culture et aux valeurs de l&rsquo;association. Prot\u00e9ger et pr\u00e9server l&rsquo;honneur, les ressources, les biens et les informations de l&rsquo;association.<\/p>\n                    <\/div>\n                <\/div>\n                \n                <div class=\"value-card\">\n                    <div class=\"value-icon\">\ud83d\udd12<\/div>\n                    <div class=\"value-text\">\n                        <strong>B\u00e9n\u00e9volat<\/strong>\n                        <p>Donner et sacrifier pour la r\u00e9compense divine.<\/p>\n                    <\/div>\n                <\/div>\n            <\/div>\n        <\/div>\n    <\/section>\n\n\t <div class=\"cta-box\">\n        <h3>Contribuez \u00e0 changer la vie d&rsquo;un enfant orphelin et de sa famille gr\u00e2ce au programme de parrainage.<\/h3>\n        <a href=\"\/fr\/ikram-pay\/\" class=\"cta-botona\">Faire un don maintenant<\/a>\n    <\/div>\n\t\n    <section class=\"testimonials-section\">\n        <div class=\"about-container\">\n            <h2 class=\"about-title\">Messages d&rsquo;orphelins parrain\u00e9s<\/h2>\n            <p class=\"about-intro\">Voici une collection de messages envoy\u00e9s par les orphelins parrain\u00e9s \u00e0 leurs parrains dans le rapport annuel.<\/p>\n            \n            <div class=\"testimonials-container\">\n                <div class=\"testimonial-card\">\n                    <p class=\"testimonial-text\">Merci, cher parrain, de m&rsquo;aimer et de prendre soin de moi comme votre propre enfant. Merci beaucoup d&rsquo;\u00eatre mon parrain, que Dieu m&rsquo;a donn\u00e9 apr\u00e8s mon p\u00e8re.<\/p>\n                    <div class=\"testimonial-author\">Mohammed<\/div>\n                    <div class=\"testimonial-title\">Votre cher fils<\/div>\n                <\/div>\n                \n                <div class=\"testimonial-card\">\n                    <p class=\"testimonial-text\">Ma m\u00e8re travaille toute la journ\u00e9e, sans votre aide, elle devrait travailler jour et nuit pour que ma petite s\u0153ur et moi vivions heureux.<\/p>\n                    <div class=\"testimonial-author\">Nihad<\/div>\n                    <div class=\"testimonial-title\">Votre petite ch\u00e9rie<\/div>\n                <\/div>\n                \n                <div class=\"testimonial-card\">\n                    <p class=\"testimonial-text\">Je ne peux pas d\u00e9crire le bonheur que je vois dans les yeux de ma m\u00e8re quand elle re\u00e7oit l&rsquo;argent que vous nous envoyez. Mes petits fr\u00e8res et s\u0153urs parlent de vous tout le temps.<\/p>\n\t\t\t\t\t\n                    <div class=\"testimonial-author\">Kamal<\/div>\n                    <div class=\"testimonial-title\">Fr\u00e8re de jeunes orphelins<\/div>\n                <\/div>\n            <\/div>\n        <\/div>\n    <\/section>\n\n\t<script>\n\ndocument.querySelector('.cta-button').onclick = function(e) {\n  e.preventDefault();\n  document.getElementById('form-popup').style.display = 'block';\n};\n\n        document.addEventListener('DOMContentLoaded', function() {\n            const form = document.querySelector('form');\n            if (form) {\n                form.addEventListener('submit', function(e) {\n                    e.preventDefault();\n                    alert('Thank you for your message! We will get back to you soon.');\n                    this.reset();\n                });\n            }\n        });\n    <\/script>\n<\/body>\n<\/html>\n","protected":false},"excerpt":{"rendered":"<p>\u00c0 propos de nous &#8211; Association Al-Aoun Wal-Ighatha Qui sommes-nous L&rsquo;Association Aide et Secours est une association caritative sociale et [&hellip;]<\/p>\n","protected":false},"author":2,"featured_media":0,"parent":0,"menu_order":0,"comment_status":"closed","ping_status":"closed","template":"","meta":{"content-type":"","site-sidebar-layout":"default","site-content-layout":"","ast-site-content-layout":"default","site-content-style":"default","site-sidebar-style":"default","ast-global-header-display":"","ast-banner-title-visibility":"","ast-main-header-display":"","ast-hfb-above-header-display":"","ast-hfb-below-header-display":"","ast-hfb-mobile-header-display":"","site-post-title":"disabled","ast-breadcrumbs-content":"","ast-featured-img":"","footer-sml-layout":"","ast-disable-related-posts":"","theme-transparent-header-meta":"","adv-header-id-meta":"","stick-header-meta":"","header-above-stick-meta":"","header-main-stick-meta":"","header-below-stick-meta":"","astra-migrate-meta-layouts":"default","ast-page-background-enabled":"default","ast-page-background-meta":{"desktop":{"background-color":"var(--ast-global-color-5)","background-image":"","background-repeat":"repeat","background-position":"center center","background-size":"auto","background-attachment":"scroll","background-type":"","background-media":"","overlay-type":"","overlay-color":"","overlay-opacity":"","overlay-gradient":""},"tablet":{"background-color":"","background-image":"","background-repeat":"repeat","background-position":"center center","background-size":"auto","background-attachment":"scroll","background-type":"","background-media":"","overlay-type":"","overlay-color":"","overlay-opacity":"","overlay-gradient":""},"mobile":{"background-color":"","background-image":"","background-repeat":"repeat","background-position":"center center","background-size":"auto","background-attachment":"scroll","background-type":"","background-media":"","overlay-type":"","overlay-color":"","overlay-opacity":"","overlay-gradient":""}},"ast-content-background-meta":{"desktop":{"background-color":"var(--ast-global-color-4)","background-image":"","background-repeat":"repeat","background-position":"center center","background-size":"auto","background-attachment":"scroll","background-type":"","background-media":"","overlay-type":"","overlay-color":"","overlay-opacity":"","overlay-gradient":""},"tablet":{"background-color":"var(--ast-global-color-4)","background-image":"","background-repeat":"repeat","background-position":"center center","background-size":"auto","background-attachment":"scroll","background-type":"","background-media":"","overlay-type":"","overlay-color":"","overlay-opacity":"","overlay-gradient":""},"mobile":{"background-color":"var(--ast-global-color-4)","background-image":"","background-repeat":"repeat","background-position":"center center","background-size":"auto","background-attachment":"scroll","background-type":"","background-media":"","overlay-type":"","overlay-color":"","overlay-opacity":"","overlay-gradient":""}},"footnotes":""},"class_list":["post-18","page","type-page","status-publish","hentry"],"yoast_head":"<!-- This site is optimized with the Yoast SEO plugin v27.2 - https:\/\/yoast.com\/product\/yoast-seo-wordpress\/ -->\n<title>A propos - Association aide et secours<\/title>\n<meta name=\"description\" content=\"L&#039;Association Aide et Secours est une association caritative sociale et de d\u00e9veloppement marocaine d&#039;utilit\u00e9 publique\" \/>\n<meta name=\"robots\" content=\"index, follow, max-snippet:-1, max-image-preview:large, max-video-preview:-1\" \/>\n<link rel=\"canonical\" href=\"https:\/\/alaoun.org\/fr\/about-us\/\" \/>\n<meta property=\"og:locale\" content=\"fr_FR\" \/>\n<meta property=\"og:type\" content=\"article\" \/>\n<meta property=\"og:title\" content=\"A propos - Association aide et secours\" \/>\n<meta property=\"og:description\" content=\"L&#039;Association Aide et Secours est une association caritative sociale et de d\u00e9veloppement marocaine d&#039;utilit\u00e9 publique\" \/>\n<meta property=\"og:url\" content=\"https:\/\/alaoun.org\/fr\/about-us\/\" \/>\n<meta property=\"og:site_name\" content=\"Association aide et secours\" \/>\n<meta property=\"article:modified_time\" content=\"2025-07-06T21:14:08+00:00\" \/>\n<meta property=\"og:image\" content=\"https:\/\/i.imgur.com\/XyqGkhf.png\" \/>\n<meta name=\"twitter:card\" content=\"summary_large_image\" \/>\n<meta name=\"twitter:label1\" content=\"Dur\u00e9e de lecture estim\u00e9e\" \/>\n\t<meta name=\"twitter:data1\" content=\"3 minutes\" \/>\n<script type=\"application\/ld+json\" class=\"yoast-schema-graph\">{\"@context\":\"https:\/\/schema.org\",\"@graph\":[{\"@type\":\"WebPage\",\"@id\":\"https:\/\/alaoun.org\/fr\/about-us\/\",\"url\":\"https:\/\/alaoun.org\/fr\/about-us\/\",\"name\":\"A propos - Association aide et secours\",\"isPartOf\":{\"@id\":\"https:\/\/alaoun.org\/fr\/#website\"},\"primaryImageOfPage\":{\"@id\":\"https:\/\/alaoun.org\/fr\/about-us\/#primaryimage\"},\"image\":{\"@id\":\"https:\/\/alaoun.org\/fr\/about-us\/#primaryimage\"},\"thumbnailUrl\":\"https:\/\/i.imgur.com\/XyqGkhf.png\",\"datePublished\":\"2025-07-05T02:47:47+00:00\",\"dateModified\":\"2025-07-06T21:14:08+00:00\",\"description\":\"L'Association Aide et Secours est une association caritative sociale et de d\u00e9veloppement marocaine d'utilit\u00e9 publique\",\"breadcrumb\":{\"@id\":\"https:\/\/alaoun.org\/fr\/about-us\/#breadcrumb\"},\"inLanguage\":\"fr-FR\",\"potentialAction\":[{\"@type\":\"ReadAction\",\"target\":[\"https:\/\/alaoun.org\/fr\/about-us\/\"]}]},{\"@type\":\"ImageObject\",\"inLanguage\":\"fr-FR\",\"@id\":\"https:\/\/alaoun.org\/fr\/about-us\/#primaryimage\",\"url\":\"https:\/\/i.imgur.com\/XyqGkhf.png\",\"contentUrl\":\"https:\/\/i.imgur.com\/XyqGkhf.png\"},{\"@type\":\"BreadcrumbList\",\"@id\":\"https:\/\/alaoun.org\/fr\/about-us\/#breadcrumb\",\"itemListElement\":[{\"@type\":\"ListItem\",\"position\":1,\"name\":\"\u0627\u0644\u0631\u0626\u064a\u0633\u064a\u0629\",\"item\":\"https:\/\/alaoun.org\/fr\/\"},{\"@type\":\"ListItem\",\"position\":2,\"name\":\"A propos\"}]},{\"@type\":\"WebSite\",\"@id\":\"https:\/\/alaoun.org\/fr\/#website\",\"url\":\"https:\/\/alaoun.org\/fr\/\",\"name\":\"Association aide et secours\",\"description\":\"\",\"potentialAction\":[{\"@type\":\"SearchAction\",\"target\":{\"@type\":\"EntryPoint\",\"urlTemplate\":\"https:\/\/alaoun.org\/fr\/?s={search_term_string}\"},\"query-input\":{\"@type\":\"PropertyValueSpecification\",\"valueRequired\":true,\"valueName\":\"search_term_string\"}}],\"inLanguage\":\"fr-FR\"}]}<\/script>\n<!-- \/ Yoast SEO plugin. -->","yoast_head_json":{"title":"A propos - Association aide et secours","description":"L'Association Aide et Secours est une association caritative sociale et de d\u00e9veloppement marocaine d'utilit\u00e9 publique","robots":{"index":"index","follow":"follow","max-snippet":"max-snippet:-1","max-image-preview":"max-image-preview:large","max-video-preview":"max-video-preview:-1"},"canonical":"https:\/\/alaoun.org\/fr\/about-us\/","og_locale":"fr_FR","og_type":"article","og_title":"A propos - Association aide et secours","og_description":"L'Association Aide et Secours est une association caritative sociale et de d\u00e9veloppement marocaine d'utilit\u00e9 publique","og_url":"https:\/\/alaoun.org\/fr\/about-us\/","og_site_name":"Association aide et secours","article_modified_time":"2025-07-06T21:14:08+00:00","og_image":[{"url":"https:\/\/i.imgur.com\/XyqGkhf.png","type":"","width":"","height":""}],"twitter_card":"summary_large_image","twitter_misc":{"Dur\u00e9e de lecture estim\u00e9e":"3 minutes"},"schema":{"@context":"https:\/\/schema.org","@graph":[{"@type":"WebPage","@id":"https:\/\/alaoun.org\/fr\/about-us\/","url":"https:\/\/alaoun.org\/fr\/about-us\/","name":"A propos - Association aide et secours","isPartOf":{"@id":"https:\/\/alaoun.org\/fr\/#website"},"primaryImageOfPage":{"@id":"https:\/\/alaoun.org\/fr\/about-us\/#primaryimage"},"image":{"@id":"https:\/\/alaoun.org\/fr\/about-us\/#primaryimage"},"thumbnailUrl":"https:\/\/i.imgur.com\/XyqGkhf.png","datePublished":"2025-07-05T02:47:47+00:00","dateModified":"2025-07-06T21:14:08+00:00","description":"L'Association Aide et Secours est une association caritative sociale et de d\u00e9veloppement marocaine d'utilit\u00e9 publique","breadcrumb":{"@id":"https:\/\/alaoun.org\/fr\/about-us\/#breadcrumb"},"inLanguage":"fr-FR","potentialAction":[{"@type":"ReadAction","target":["https:\/\/alaoun.org\/fr\/about-us\/"]}]},{"@type":"ImageObject","inLanguage":"fr-FR","@id":"https:\/\/alaoun.org\/fr\/about-us\/#primaryimage","url":"https:\/\/i.imgur.com\/XyqGkhf.png","contentUrl":"https:\/\/i.imgur.com\/XyqGkhf.png"},{"@type":"BreadcrumbList","@id":"https:\/\/alaoun.org\/fr\/about-us\/#breadcrumb","itemListElement":[{"@type":"ListItem","position":1,"name":"\u0627\u0644\u0631\u0626\u064a\u0633\u064a\u0629","item":"https:\/\/alaoun.org\/fr\/"},{"@type":"ListItem","position":2,"name":"A propos"}]},{"@type":"WebSite","@id":"https:\/\/alaoun.org\/fr\/#website","url":"https:\/\/alaoun.org\/fr\/","name":"Association aide et secours","description":"","potentialAction":[{"@type":"SearchAction","target":{"@type":"EntryPoint","urlTemplate":"https:\/\/alaoun.org\/fr\/?s={search_term_string}"},"query-input":{"@type":"PropertyValueSpecification","valueRequired":true,"valueName":"search_term_string"}}],"inLanguage":"fr-FR"}]}},"_links":{"self":[{"href":"https:\/\/alaoun.org\/fr\/wp-json\/wp\/v2\/pages\/18","targetHints":{"allow":["GET"]}}],"collection":[{"href":"https:\/\/alaoun.org\/fr\/wp-json\/wp\/v2\/pages"}],"about":[{"href":"https:\/\/alaoun.org\/fr\/wp-json\/wp\/v2\/types\/page"}],"author":[{"embeddable":true,"href":"https:\/\/alaoun.org\/fr\/wp-json\/wp\/v2\/users\/2"}],"replies":[{"embeddable":true,"href":"https:\/\/alaoun.org\/fr\/wp-json\/wp\/v2\/comments?post=18"}],"version-history":[{"count":0,"href":"https:\/\/alaoun.org\/fr\/wp-json\/wp\/v2\/pages\/18\/revisions"}],"wp:attachment":[{"href":"https:\/\/alaoun.org\/fr\/wp-json\/wp\/v2\/media?parent=18"}],"curies":[{"name":"wp","href":"https:\/\/api.w.org\/{rel}","templated":true}]}}