{"id":62,"date":"2025-07-07T14:17:54","date_gmt":"2025-07-07T11:17:54","guid":{"rendered":"https:\/\/alaoun.org\/fr\/?page_id=62"},"modified":"2025-07-27T23:41:23","modified_gmt":"2025-07-27T20:41:23","slug":"volunteer-page","status":"publish","type":"page","link":"https:\/\/alaoun.org\/fr\/volunteer-page\/","title":{"rendered":"B\u00e9n\u00e9volat"},"content":{"rendered":"\n<link rel=\"alternate\" hreflang=\"en\" href=\"https:\/\/alaoun.org\/en\/volunteer-page\/\" \/>\n<link rel=\"alternate\" hreflang=\"ar\" href=\"https:\/\/alaoun.org\/volunteer-page\/\" \/>\n<link rel=\"alternate\" hreflang=\"fr\" href=\"https:\/\/alaoun.org\/fr\/volunteer-page\/\" \/>\n<link rel=\"alternate\" hreflang=\"es\" href=\"https:\/\/alaoun.org\/es\/volunteer-page\/\" \/>\n\n\n\n<!DOCTYPE html>\n<html lang=\"fr\" dir=\"ltr\">\n<head>\n    <meta charset=\"UTF-8\">\n    <meta name=\"viewport\" content=\"width=device-width, initial-scale=1.0\">\n    <title>B\u00e9n\u00e9volat avec nous<\/title>\n    <style>\n        @import url('https:\/\/fonts.googleapis.com\/css2?family=Tajawal:wght@300;400;500;700&display=swap');\n\n        .volunteer-page-alaoun * {\n            margin-top: 0;\n            padding: 0;\n            box-sizing: border-box;\n            font-family: 'Tajawal', sans-serif;\n        }\n\n        .volunteer-page-alaoun {\n            background-color: #f9f9f9;\n            padding: 20px 0;\n        }\n\n        .volunteer-page-alaoun .main-title {\n            text-align: center;\n            margin: 40px 20px 40px 0;\n            color: #2f537d !important;\n            font-size: 36px;\n            font-weight: 600;\n            padding: 20px;\n        }\n\n        .volunteer-page-alaoun .content-container {\n            display: flex;\n            max-width: 1300px !important;\n            margin: 0 auto;\n            gap: 40px;\n            padding: 0 20px;\n        }\n\n        .volunteer-page-alaoun .form-column {\n            flex: 0 0 30%;\n            position: relative;\n        }\n\n        .volunteer-page-alaoun .form-container {\n            background-color: white;\n            padding: 4px;\n            border-radius: 10px;\n            box-shadow: 0 5px 15px rgba(0, 0, 0, 0.1);\n            width: 100%;\n            position: sticky;\n            top: 20px;\n            transition: all 0.3s ease;\n        }\n\n        .volunteer-page-alaoun .form-container:hover {\n            transform: translateY(-5px);\n            box-shadow: 0 10px 25px rgba(0, 0, 0, 0.15);\n        }\n\n        .volunteer-page-alaoun .google-form iframe {\n            width: 100%;\n            height: 700px;\n            border: none;\n            border-radius: 10px;\n        }\n\n        .volunteer-page-alaoun .text-container {\n            flex: 0 0 70%;\n            text-align: left;\n        }\n\n        .volunteer-page-alaoun .subtitle {\n            color: #209269 !important;\n            font-size: 22px;\n            margin-bottom: 15px;\n            margin-top: 30px;\n            font-weight: 600;\n        }\n\n        .volunteer-page-alaoun .subtitle:first-child {\n            margin-top: 0;\n        }\n\n        .volunteer-page-alaoun .description {\n            color: #555;\n            line-height: 1.8;\n            margin-bottom: 20px;\n            font-size: 18px;\n        }\n\n        .volunteer-page-alaoun .testimonial {\n            background-color: #f8f9fa;\n            border-right: 4px solid #209269;\n            padding: 20px;\n            margin: 30px 0;\n            border-radius: 0 8px 8px 0;\n            text-align: left;\n        }\n\n        .volunteer-page-alaoun .testimonial-author {\n            font-style: italic;\n            color: #666;\n            margin-top: 10px;\n        }\n\n        .volunteer-page-alaoun ul,\n        .volunteer-page-alaoun ol {\n            text-align: left;\n            margin-right: 20px;\n            margin-bottom: 20px;\n            list-style-type: none;\n            padding-right: 0;\n        }\n\n        .volunteer-page-alaoun ul li,\n        .volunteer-page-alaoun ol li {\n            margin-bottom: 10px;\n            padding-right: 0;\n        }\n\n        @media (max-width: 768px) {\n            .volunteer-page-alaoun .content-container {\n                flex-direction: column;\n            }\n\n            .volunteer-page-alaoun .form-column {\n                order: 2;\n                flex: 0 0 100%;\n            }\n\n            .volunteer-page-alaoun .text-container {\n                flex: 0 0 100%;\n            }\n\n            .volunteer-page-alaoun .form-container {\n                position: static;\n            }\n\n            .volunteer-page-alaoun .main-title {\n                font-size: 28px;\n                margin: 30px 20px 30px 0;\n            }\n\n            .volunteer-page-alaoun .google-form iframe {\n                height: 500px;\n            }\n        }\n    <\/style>\n<\/head>\n<body>\n    <div class=\"volunteer-page-alaoun\">\n        <h1 class=\"main-title\">Rejoignez notre \u00e9quipe de b\u00e9n\u00e9voles<\/h1>\n        \n        <div class=\"content-container\">\n            <div class=\"text-container\">\n                <h2 class=\"subtitle\">Le b\u00e9n\u00e9volat ?<\/h2>\n                <p class=\"description\">Le b\u00e9n\u00e9volat est l&rsquo;un des v\u00e9ritables piliers sur lesquels repose le travail de l&rsquo;Association aide et secours, car nous croyons que l&rsquo;action caritative collective est le moyen optimal de renforcer les valeurs de solidarit\u00e9 et d&rsquo;entraide sociale. Depuis sa cr\u00e9ation, l&rsquo;Association s&rsquo;est efforc\u00e9e de fournir un environnement propice \u00e0 l&rsquo;attraction des b\u00e9n\u00e9voles et \u00e0 leur permettre de contribuer de leur temps et de leurs efforts au service des cat\u00e9gories vuln\u00e9rables, que ce soit par un soutien direct ou par le transfert d&rsquo;exp\u00e9riences et de connaissances.<\/p>\n                \n                <h2 class=\"subtitle\">Opportunit\u00e9s de b\u00e9n\u00e9volat et comment nous rejoindre<\/h2>\n                <p class=\"description\">L&rsquo;Association ouvre ses portes \u00e0 toute personne souhaitant faire du b\u00e9n\u00e9volat, qu&rsquo;elle soit sp\u00e9cialis\u00e9e dans un domaine particulier ou qu&rsquo;elle ait un d\u00e9sir sinc\u00e8re d&rsquo;apporter son aide. Elle offre \u00e0 ceux qui souhaitent rejoindre son \u00e9quipe la possibilit\u00e9 de remplir un formulaire de b\u00e9n\u00e9volat, par lequel leurs donn\u00e9es sont enregistr\u00e9es et leurs domaines d&rsquo;int\u00e9r\u00eat et d&rsquo;expertise sont d\u00e9termin\u00e9s. Sur cette base, ils sont contact\u00e9s lorsque des opportunit\u00e9s appropri\u00e9es se pr\u00e9sentent pour contribuer aux activit\u00e9s de l&rsquo;Association, que ce soit sur le terrain ou dans les domaines du soutien administratif, technique et de la sensibilisation.<\/p>\n                \n                <h2 class=\"subtitle\">Pourquoi faire du b\u00e9n\u00e9volat \u00e0 l&rsquo;Association aide et secours ?<\/h2>\n                <p class=\"description\">Contribuer \u00e0 soutenir les orphelins et les familles dans le besoin et \u00e0 am\u00e9liorer leurs conditions de vie, acqu\u00e9rir de nouvelles comp\u00e9tences et d\u00e9velopper des capacit\u00e9s dans les domaines du travail humanitaire et social, en plus de l&rsquo;opportunit\u00e9 de construire des relations professionnelles et sociales avec des b\u00e9n\u00e9voles et des experts, et de s&rsquo;engager dans des projets durables qui laissent un impact r\u00e9el sur la communaut\u00e9.<\/p>\n                <h2 class=\"subtitle\">Faites partie de l&rsquo;effort caritatif<\/h2>\n                <p class=\"description\">Si vous souhaitez faire partie de l&rsquo;\u00e9quipe de b\u00e9n\u00e9voles, vous pouvez remplir le formulaire de b\u00e9n\u00e9volat via le site web de l&rsquo;Association ou vous rendre \u00e0 l&rsquo;un de ses bureaux. Vous serez contact\u00e9 lorsque l&rsquo;opportunit\u00e9 appropri\u00e9e se pr\u00e9sentera pour b\u00e9n\u00e9ficier de vos efforts et de votre expertise afin de r\u00e9aliser la mission de l&rsquo;Association de soutenir et d&rsquo;autonomiser les cat\u00e9gories les plus n\u00e9cessiteuses.<\/p>\n                \n                <ul class=\"description\">\n                    <li>Sensibilisation communautaire et \u00e9ducation<\/li>\n                    <li>Planification et coordination d&rsquo;\u00e9v\u00e9nements<\/li>\n                    <li>Soutien administratif<\/li>\n                    <li>Marketing et m\u00e9dias sociaux<\/li>\n                    <li>Facilitation de programmes<\/li>\n                    <li>Initiatives de collecte de fonds<\/li>\n                <\/ul>\n\n                <div class=\"testimonial\">\n                    <p class=\"description\">\u00ab\u00a0Faire du b\u00e9n\u00e9volat avec cette organisation a \u00e9t\u00e9 l&rsquo;une des exp\u00e9riences les plus enrichissantes de ma vie. J&rsquo;ai rencontr\u00e9 des personnes formidables et j&rsquo;ai beaucoup appris tout en faisant une r\u00e9elle diff\u00e9rence dans ma communaut\u00e9.\u00a0\u00bb<\/p>\n                    <p class=\"testimonial-author\">\u2014 Sarah J., b\u00e9n\u00e9vole depuis 2022<\/p>\n                <\/div>\n                \n            <\/div>\n            \n            <div class=\"form-column\">\n                <div class=\"form-container\">\n                    <div class=\"google-form\">\n                        <iframe src=\"https:\/\/docs.google.com\/forms\/d\/e\/1FAIpQLSdwEGjWQXnx18sFqxRtkpyuMrbIPFZa1Vum9aR1WyuMDt96OA\/viewform?embedded=true\" frameborder=\"0\" marginheight=\"0\" marginwidth=\"0\">Chargement\u2026<\/iframe>\n                    <\/div>\n                <\/div>\n            <\/div>\n        <\/div>\n\n        <script>\n            document.addEventListener(\"DOMContentLoaded\", function() {\n                function adjustIframeHeight() {\n                    const iframe = document.querySelector(\".volunteer-page-alaoun .google-form iframe\");\n                    if (iframe) {\n                        const width = iframe.offsetWidth;\n                        iframe.style.height = width * 1.5 + \"px\";\n                    }\n                }\n                \n                adjustIframeHeight();\n                window.addEventListener(\"resize\", adjustIframeHeight);\n            });\n        <\/script>\n    <\/div>\n<\/body>\n<\/html>\n\n\n\n<p><\/p>\n","protected":false},"excerpt":{"rendered":"<p>B\u00e9n\u00e9volat avec nous Rejoignez notre \u00e9quipe de b\u00e9n\u00e9voles Le b\u00e9n\u00e9volat ? Le b\u00e9n\u00e9volat est l&rsquo;un des v\u00e9ritables piliers sur lesquels [&hellip;]<\/p>\n","protected":false},"author":2,"featured_media":0,"parent":0,"menu_order":0,"comment_status":"closed","ping_status":"closed","template":"","meta":{"content-type":"","site-sidebar-layout":"default","site-content-layout":"","ast-site-content-layout":"default","site-content-style":"default","site-sidebar-style":"default","ast-global-header-display":"","ast-banner-title-visibility":"","ast-main-header-display":"","ast-hfb-above-header-display":"","ast-hfb-below-header-display":"","ast-hfb-mobile-header-display":"","site-post-title":"disabled","ast-breadcrumbs-content":"","ast-featured-img":"","footer-sml-layout":"","ast-disable-related-posts":"","theme-transparent-header-meta":"","adv-header-id-meta":"","stick-header-meta":"","header-above-stick-meta":"","header-main-stick-meta":"","header-below-stick-meta":"","astra-migrate-meta-layouts":"default","ast-page-background-enabled":"default","ast-page-background-meta":{"desktop":{"background-color":"var(--ast-global-color-5)","background-image":"","background-repeat":"repeat","background-position":"center center","background-size":"auto","background-attachment":"scroll","background-type":"","background-media":"","overlay-type":"","overlay-color":"","overlay-opacity":"","overlay-gradient":""},"tablet":{"background-color":"","background-image":"","background-repeat":"repeat","background-position":"center center","background-size":"auto","background-attachment":"scroll","background-type":"","background-media":"","overlay-type":"","overlay-color":"","overlay-opacity":"","overlay-gradient":""},"mobile":{"background-color":"","background-image":"","background-repeat":"repeat","background-position":"center center","background-size":"auto","background-attachment":"scroll","background-type":"","background-media":"","overlay-type":"","overlay-color":"","overlay-opacity":"","overlay-gradient":""}},"ast-content-background-meta":{"desktop":{"background-color":"var(--ast-global-color-4)","background-image":"","background-repeat":"repeat","background-position":"center center","background-size":"auto","background-attachment":"scroll","background-type":"","background-media":"","overlay-type":"","overlay-color":"","overlay-opacity":"","overlay-gradient":""},"tablet":{"background-color":"var(--ast-global-color-4)","background-image":"","background-repeat":"repeat","background-position":"center center","background-size":"auto","background-attachment":"scroll","background-type":"","background-media":"","overlay-type":"","overlay-color":"","overlay-opacity":"","overlay-gradient":""},"mobile":{"background-color":"var(--ast-global-color-4)","background-image":"","background-repeat":"repeat","background-position":"center center","background-size":"auto","background-attachment":"scroll","background-type":"","background-media":"","overlay-type":"","overlay-color":"","overlay-opacity":"","overlay-gradient":""}},"footnotes":""},"class_list":["post-62","page","type-page","status-publish","hentry"],"yoast_head":"<!-- This site is optimized with the Yoast SEO plugin v27.2 - https:\/\/yoast.com\/product\/yoast-seo-wordpress\/ -->\n<title>B\u00e9n\u00e9volat - Association aide et secours<\/title>\n<meta name=\"robots\" content=\"index, follow, max-snippet:-1, max-image-preview:large, max-video-preview:-1\" \/>\n<link rel=\"canonical\" href=\"https:\/\/alaoun.org\/fr\/volunteer-page\/\" \/>\n<meta property=\"og:locale\" content=\"fr_FR\" \/>\n<meta property=\"og:type\" content=\"article\" \/>\n<meta property=\"og:title\" content=\"B\u00e9n\u00e9volat - Association aide et secours\" \/>\n<meta property=\"og:description\" content=\"B\u00e9n\u00e9volat avec nous Rejoignez notre \u00e9quipe de b\u00e9n\u00e9voles Le b\u00e9n\u00e9volat ? Le b\u00e9n\u00e9volat est l&rsquo;un des v\u00e9ritables piliers sur lesquels [&hellip;]\" \/>\n<meta property=\"og:url\" content=\"https:\/\/alaoun.org\/fr\/volunteer-page\/\" \/>\n<meta property=\"og:site_name\" content=\"Association aide et secours\" \/>\n<meta property=\"article:modified_time\" content=\"2025-07-27T20:41:23+00:00\" \/>\n<meta name=\"twitter:card\" content=\"summary_large_image\" \/>\n<meta name=\"twitter:label1\" content=\"Dur\u00e9e de lecture estim\u00e9e\" \/>\n\t<meta name=\"twitter:data1\" content=\"3 minutes\" \/>\n<script type=\"application\/ld+json\" class=\"yoast-schema-graph\">{\"@context\":\"https:\/\/schema.org\",\"@graph\":[{\"@type\":\"WebPage\",\"@id\":\"https:\/\/alaoun.org\/fr\/volunteer-page\/\",\"url\":\"https:\/\/alaoun.org\/fr\/volunteer-page\/\",\"name\":\"B\u00e9n\u00e9volat - Association aide et secours\",\"isPartOf\":{\"@id\":\"https:\/\/alaoun.org\/fr\/#website\"},\"datePublished\":\"2025-07-07T11:17:54+00:00\",\"dateModified\":\"2025-07-27T20:41:23+00:00\",\"breadcrumb\":{\"@id\":\"https:\/\/alaoun.org\/fr\/volunteer-page\/#breadcrumb\"},\"inLanguage\":\"fr-FR\",\"potentialAction\":[{\"@type\":\"ReadAction\",\"target\":[\"https:\/\/alaoun.org\/fr\/volunteer-page\/\"]}]},{\"@type\":\"BreadcrumbList\",\"@id\":\"https:\/\/alaoun.org\/fr\/volunteer-page\/#breadcrumb\",\"itemListElement\":[{\"@type\":\"ListItem\",\"position\":1,\"name\":\"\u0627\u0644\u0631\u0626\u064a\u0633\u064a\u0629\",\"item\":\"https:\/\/alaoun.org\/fr\/\"},{\"@type\":\"ListItem\",\"position\":2,\"name\":\"B\u00e9n\u00e9volat\"}]},{\"@type\":\"WebSite\",\"@id\":\"https:\/\/alaoun.org\/fr\/#website\",\"url\":\"https:\/\/alaoun.org\/fr\/\",\"name\":\"Association aide et secours\",\"description\":\"\",\"potentialAction\":[{\"@type\":\"SearchAction\",\"target\":{\"@type\":\"EntryPoint\",\"urlTemplate\":\"https:\/\/alaoun.org\/fr\/?s={search_term_string}\"},\"query-input\":{\"@type\":\"PropertyValueSpecification\",\"valueRequired\":true,\"valueName\":\"search_term_string\"}}],\"inLanguage\":\"fr-FR\"}]}<\/script>\n<!-- \/ Yoast SEO plugin. -->","yoast_head_json":{"title":"B\u00e9n\u00e9volat - Association aide et secours","robots":{"index":"index","follow":"follow","max-snippet":"max-snippet:-1","max-image-preview":"max-image-preview:large","max-video-preview":"max-video-preview:-1"},"canonical":"https:\/\/alaoun.org\/fr\/volunteer-page\/","og_locale":"fr_FR","og_type":"article","og_title":"B\u00e9n\u00e9volat - Association aide et secours","og_description":"B\u00e9n\u00e9volat avec nous Rejoignez notre \u00e9quipe de b\u00e9n\u00e9voles Le b\u00e9n\u00e9volat ? Le b\u00e9n\u00e9volat est l&rsquo;un des v\u00e9ritables piliers sur lesquels [&hellip;]","og_url":"https:\/\/alaoun.org\/fr\/volunteer-page\/","og_site_name":"Association aide et secours","article_modified_time":"2025-07-27T20:41:23+00:00","twitter_card":"summary_large_image","twitter_misc":{"Dur\u00e9e de lecture estim\u00e9e":"3 minutes"},"schema":{"@context":"https:\/\/schema.org","@graph":[{"@type":"WebPage","@id":"https:\/\/alaoun.org\/fr\/volunteer-page\/","url":"https:\/\/alaoun.org\/fr\/volunteer-page\/","name":"B\u00e9n\u00e9volat - Association aide et secours","isPartOf":{"@id":"https:\/\/alaoun.org\/fr\/#website"},"datePublished":"2025-07-07T11:17:54+00:00","dateModified":"2025-07-27T20:41:23+00:00","breadcrumb":{"@id":"https:\/\/alaoun.org\/fr\/volunteer-page\/#breadcrumb"},"inLanguage":"fr-FR","potentialAction":[{"@type":"ReadAction","target":["https:\/\/alaoun.org\/fr\/volunteer-page\/"]}]},{"@type":"BreadcrumbList","@id":"https:\/\/alaoun.org\/fr\/volunteer-page\/#breadcrumb","itemListElement":[{"@type":"ListItem","position":1,"name":"\u0627\u0644\u0631\u0626\u064a\u0633\u064a\u0629","item":"https:\/\/alaoun.org\/fr\/"},{"@type":"ListItem","position":2,"name":"B\u00e9n\u00e9volat"}]},{"@type":"WebSite","@id":"https:\/\/alaoun.org\/fr\/#website","url":"https:\/\/alaoun.org\/fr\/","name":"Association aide et secours","description":"","potentialAction":[{"@type":"SearchAction","target":{"@type":"EntryPoint","urlTemplate":"https:\/\/alaoun.org\/fr\/?s={search_term_string}"},"query-input":{"@type":"PropertyValueSpecification","valueRequired":true,"valueName":"search_term_string"}}],"inLanguage":"fr-FR"}]}},"_links":{"self":[{"href":"https:\/\/alaoun.org\/fr\/wp-json\/wp\/v2\/pages\/62","targetHints":{"allow":["GET"]}}],"collection":[{"href":"https:\/\/alaoun.org\/fr\/wp-json\/wp\/v2\/pages"}],"about":[{"href":"https:\/\/alaoun.org\/fr\/wp-json\/wp\/v2\/types\/page"}],"author":[{"embeddable":true,"href":"https:\/\/alaoun.org\/fr\/wp-json\/wp\/v2\/users\/2"}],"replies":[{"embeddable":true,"href":"https:\/\/alaoun.org\/fr\/wp-json\/wp\/v2\/comments?post=62"}],"version-history":[{"count":0,"href":"https:\/\/alaoun.org\/fr\/wp-json\/wp\/v2\/pages\/62\/revisions"}],"wp:attachment":[{"href":"https:\/\/alaoun.org\/fr\/wp-json\/wp\/v2\/media?parent=62"}],"curies":[{"name":"wp","href":"https:\/\/api.w.org\/{rel}","templated":true}]}}